{"id":262,"date":"2017-09-21T11:23:56","date_gmt":"2017-09-21T11:23:56","guid":{"rendered":"http:\/\/www.galiciamotorent.com\/coruna\/?page_id=262"},"modified":"2022-06-29T19:05:53","modified_gmt":"2022-06-29T19:05:53","slug":"quienes-somos","status":"publish","type":"page","link":"https:\/\/www.galiciamotorent.com\/coruna\/quienes-somos\/","title":{"rendered":"Qui\u00e9nes somos"},"content":{"rendered":"<div class=\"wpb-content-wrapper\"><p>[vc_row][vc_column][vc_single_image image=\u00bb511&#8243; img_size=\u00bbfull\u00bb alignment=\u00bbcenter\u00bb css_animation=\u00bbfadeInRight\u00bb][\/vc_column][\/vc_row][vc_row][vc_column css=\u00bb.vc_custom_1506163782344{padding-top: 45px !important;}\u00bb][vc_column_text]GALICIAMOTORENT es una empresa dedicada al servicio para el alquiler de Motocicletas, Scooters que ofrece servicio de alquiler en La Coru\u00f1a, y en general para la Comunidad de Galicia. Disponemos de nuestra variante <a href=\"https:\/\/www.galiciamototour.com\/\" target=\"_blank\" rel=\"noopener\">GALICIAMOTOTOUR<\/a> para el viaje en moto y tours a medida por Galicia y la Pen\u00ednsula.<\/p>\n<p>GALICIAMOTORENT ofrece sus servicios de alquiler tanto a particulares como a empresas e instituciones. Disponemos de la m\u00e1s completa gama de Scooters y Motocicletas para cubrir cualquier necesidad.<\/p>\n<p>Si\u00e9ntete c\u00f3modo y seguro: con el alquiler de tu motocicleta te incluimos seguro desde 19 \u20ac d\u00eda.[\/vc_column_text][\/vc_column][\/vc_row][vc_row][vc_column][vc_single_image image=\u00bb510&#8243; img_size=\u00bbfull\u00bb alignment=\u00bbcenter\u00bb css_animation=\u00bbfadeInLeft\u00bb][\/vc_column][\/vc_row][vc_row][vc_column][vc_column_text]Estamos a su disposici\u00f3n para el alquiler de motos en La Coru\u00f1a, aunque ya sabe que el proceso de alquiler de cualquier moto, o scooter, puede completarlo en nuestro <a href=\"http:\/\/reservas.galiciamotorent.com\/\">sistema de reservas<\/a>. Ah\u00ed encontrar\u00e1 los veh\u00edculos que est\u00e1n disponibles en cada momento y las ofertas de \u00faltima hora.[\/vc_column_text][\/vc_column][\/vc_row]<\/p>\n<\/div>","protected":false},"excerpt":{"rendered":"<p>[vc_row][vc_column][vc_single_image image=\u00bb511&#8243; img_size=\u00bbfull\u00bb alignment=\u00bbcenter\u00bb css_animation=\u00bbfadeInRight\u00bb][\/vc_column][\/vc_row][vc_row][vc_column css=\u00bb.vc_custom_1506163782344{padding-top: 45px !important;}\u00bb][vc_column_text]GALICIAMOTORENT es una empresa dedicada al servicio para el alquiler de Motocicletas, Scooters que ofrece servicio de alquiler&hellip;<\/p>\n<p><a href=\"https:\/\/www.galiciamotorent.com\/coruna\/quienes-somos\/\" class=\"read-more-link\">Read more<\/a><\/p>\n","protected":false},"author":1,"featured_media":0,"parent":0,"menu_order":0,"comment_status":"closed","ping_status":"closed","template":"","meta":{"footnotes":""},"class_list":["post-262","page","type-page","status-publish","hentry"],"yoast_head":"<!-- This site is optimized with the Yoast SEO plugin v27.4 - https:\/\/yoast.com\/product\/yoast-seo-wordpress\/ -->\n<title>Qui\u00e9nes somos - Alquiler de motos en La Coru\u00f1a<\/title>\n<meta name=\"robots\" content=\"index, follow, max-snippet:-1, max-image-preview:large, max-video-preview:-1\" \/>\n<link rel=\"canonical\" href=\"https:\/\/www.galiciamotorent.com\/coruna\/quienes-somos\/\" \/>\n<meta property=\"og:locale\" content=\"es_ES\" \/>\n<meta property=\"og:type\" content=\"article\" \/>\n<meta property=\"og:title\" content=\"Qui\u00e9nes somos - Alquiler de motos en La Coru\u00f1a\" \/>\n<meta property=\"og:description\" content=\"[vc_row][vc_column][vc_single_image image=\u00bb511&#8243; img_size=\u00bbfull\u00bb alignment=\u00bbcenter\u00bb css_animation=\u00bbfadeInRight\u00bb][\/vc_column][\/vc_row][vc_row][vc_column css=\u00bb.vc_custom_1506163782344{padding-top: 45px !important;}\u00bb][vc_column_text]GALICIAMOTORENT es una empresa dedicada al servicio para el alquiler de Motocicletas, Scooters que ofrece servicio de alquiler&hellip;Read more\" \/>\n<meta property=\"og:url\" content=\"https:\/\/www.galiciamotorent.com\/coruna\/quienes-somos\/\" \/>\n<meta property=\"og:site_name\" content=\"Alquiler de motos en La Coru\u00f1a\" \/>\n<meta property=\"article:modified_time\" content=\"2022-06-29T19:05:53+00:00\" \/>\n<meta name=\"twitter:card\" content=\"summary_large_image\" \/>\n<meta name=\"twitter:label1\" content=\"Tiempo de lectura\" \/>\n\t<meta name=\"twitter:data1\" content=\"1 minuto\" \/>\n<script type=\"application\/ld+json\" class=\"yoast-schema-graph\">{\"@context\":\"https:\\\/\\\/schema.org\",\"@graph\":[{\"@type\":\"WebPage\",\"@id\":\"https:\\\/\\\/www.galiciamotorent.com\\\/coruna\\\/quienes-somos\\\/\",\"url\":\"https:\\\/\\\/www.galiciamotorent.com\\\/coruna\\\/quienes-somos\\\/\",\"name\":\"Qui\u00e9nes somos - Alquiler de motos en La Coru\u00f1a\",\"isPartOf\":{\"@id\":\"https:\\\/\\\/www.galiciamotorent.com\\\/coruna\\\/#website\"},\"datePublished\":\"2017-09-21T11:23:56+00:00\",\"dateModified\":\"2022-06-29T19:05:53+00:00\",\"breadcrumb\":{\"@id\":\"https:\\\/\\\/www.galiciamotorent.com\\\/coruna\\\/quienes-somos\\\/#breadcrumb\"},\"inLanguage\":\"es\",\"potentialAction\":[{\"@type\":\"ReadAction\",\"target\":[\"https:\\\/\\\/www.galiciamotorent.com\\\/coruna\\\/quienes-somos\\\/\"]}]},{\"@type\":\"BreadcrumbList\",\"@id\":\"https:\\\/\\\/www.galiciamotorent.com\\\/coruna\\\/quienes-somos\\\/#breadcrumb\",\"itemListElement\":[{\"@type\":\"ListItem\",\"position\":1,\"name\":\"Portada\",\"item\":\"https:\\\/\\\/www.galiciamotorent.com\\\/coruna\\\/\"},{\"@type\":\"ListItem\",\"position\":2,\"name\":\"Qui\u00e9nes somos\"}]},{\"@type\":\"WebSite\",\"@id\":\"https:\\\/\\\/www.galiciamotorent.com\\\/coruna\\\/#website\",\"url\":\"https:\\\/\\\/www.galiciamotorent.com\\\/coruna\\\/\",\"name\":\"Alquiler de motos en La Coru\u00f1a\",\"description\":\"Alquiler de motos y scooters en Vigo\",\"potentialAction\":[{\"@type\":\"SearchAction\",\"target\":{\"@type\":\"EntryPoint\",\"urlTemplate\":\"https:\\\/\\\/www.galiciamotorent.com\\\/coruna\\\/?s={search_term_string}\"},\"query-input\":{\"@type\":\"PropertyValueSpecification\",\"valueRequired\":true,\"valueName\":\"search_term_string\"}}],\"inLanguage\":\"es\"}]}<\/script>\n<!-- \/ Yoast SEO plugin. -->","yoast_head_json":{"title":"Qui\u00e9nes somos - Alquiler de motos en La Coru\u00f1a","robots":{"index":"index","follow":"follow","max-snippet":"max-snippet:-1","max-image-preview":"max-image-preview:large","max-video-preview":"max-video-preview:-1"},"canonical":"https:\/\/www.galiciamotorent.com\/coruna\/quienes-somos\/","og_locale":"es_ES","og_type":"article","og_title":"Qui\u00e9nes somos - Alquiler de motos en La Coru\u00f1a","og_description":"[vc_row][vc_column][vc_single_image image=\u00bb511&#8243; img_size=\u00bbfull\u00bb alignment=\u00bbcenter\u00bb css_animation=\u00bbfadeInRight\u00bb][\/vc_column][\/vc_row][vc_row][vc_column css=\u00bb.vc_custom_1506163782344{padding-top: 45px !important;}\u00bb][vc_column_text]GALICIAMOTORENT es una empresa dedicada al servicio para el alquiler de Motocicletas, Scooters que ofrece servicio de alquiler&hellip;Read more","og_url":"https:\/\/www.galiciamotorent.com\/coruna\/quienes-somos\/","og_site_name":"Alquiler de motos en La Coru\u00f1a","article_modified_time":"2022-06-29T19:05:53+00:00","twitter_card":"summary_large_image","twitter_misc":{"Tiempo de lectura":"1 minuto"},"schema":{"@context":"https:\/\/schema.org","@graph":[{"@type":"WebPage","@id":"https:\/\/www.galiciamotorent.com\/coruna\/quienes-somos\/","url":"https:\/\/www.galiciamotorent.com\/coruna\/quienes-somos\/","name":"Qui\u00e9nes somos - Alquiler de motos en La Coru\u00f1a","isPartOf":{"@id":"https:\/\/www.galiciamotorent.com\/coruna\/#website"},"datePublished":"2017-09-21T11:23:56+00:00","dateModified":"2022-06-29T19:05:53+00:00","breadcrumb":{"@id":"https:\/\/www.galiciamotorent.com\/coruna\/quienes-somos\/#breadcrumb"},"inLanguage":"es","potentialAction":[{"@type":"ReadAction","target":["https:\/\/www.galiciamotorent.com\/coruna\/quienes-somos\/"]}]},{"@type":"BreadcrumbList","@id":"https:\/\/www.galiciamotorent.com\/coruna\/quienes-somos\/#breadcrumb","itemListElement":[{"@type":"ListItem","position":1,"name":"Portada","item":"https:\/\/www.galiciamotorent.com\/coruna\/"},{"@type":"ListItem","position":2,"name":"Qui\u00e9nes somos"}]},{"@type":"WebSite","@id":"https:\/\/www.galiciamotorent.com\/coruna\/#website","url":"https:\/\/www.galiciamotorent.com\/coruna\/","name":"Alquiler de motos en La Coru\u00f1a","description":"Alquiler de motos y scooters en Vigo","potentialAction":[{"@type":"SearchAction","target":{"@type":"EntryPoint","urlTemplate":"https:\/\/www.galiciamotorent.com\/coruna\/?s={search_term_string}"},"query-input":{"@type":"PropertyValueSpecification","valueRequired":true,"valueName":"search_term_string"}}],"inLanguage":"es"}]}},"_links":{"self":[{"href":"https:\/\/www.galiciamotorent.com\/coruna\/wp-json\/wp\/v2\/pages\/262","targetHints":{"allow":["GET"]}}],"collection":[{"href":"https:\/\/www.galiciamotorent.com\/coruna\/wp-json\/wp\/v2\/pages"}],"about":[{"href":"https:\/\/www.galiciamotorent.com\/coruna\/wp-json\/wp\/v2\/types\/page"}],"author":[{"embeddable":true,"href":"https:\/\/www.galiciamotorent.com\/coruna\/wp-json\/wp\/v2\/users\/1"}],"replies":[{"embeddable":true,"href":"https:\/\/www.galiciamotorent.com\/coruna\/wp-json\/wp\/v2\/comments?post=262"}],"version-history":[{"count":13,"href":"https:\/\/www.galiciamotorent.com\/coruna\/wp-json\/wp\/v2\/pages\/262\/revisions"}],"predecessor-version":[{"id":801,"href":"https:\/\/www.galiciamotorent.com\/coruna\/wp-json\/wp\/v2\/pages\/262\/revisions\/801"}],"wp:attachment":[{"href":"https:\/\/www.galiciamotorent.com\/coruna\/wp-json\/wp\/v2\/media?parent=262"}],"curies":[{"name":"wp","href":"https:\/\/api.w.org\/{rel}","templated":true}]}}