{"id":307,"date":"2017-09-25T11:56:00","date_gmt":"2017-09-25T11:56:00","guid":{"rendered":"http:\/\/www.galiciamotorent.com\/coruna\/?page_id=307"},"modified":"2017-09-25T11:59:21","modified_gmt":"2017-09-25T11:59:21","slug":"condiciones-generales-y-terminos-legales","status":"publish","type":"page","link":"https:\/\/www.galiciamotorent.com\/coruna\/condiciones-generales-y-terminos-legales\/","title":{"rendered":"Condiciones generales y t\u00e9rminos legales"},"content":{"rendered":"<p><strong>Alquiler del veh\u00edculo<\/strong><\/p>\n<p><strong>GaliciaMotorent es un nombre comercial de la mercantil RF BUSINESS &amp; TQ RETAIL S.L. domiciliada en la provincia de Pontevedra, en la calle Vista Alegre, 4\u00ba E 36201 Vigo con CIF-B-27.784.727<\/strong><\/p>\n<p><strong>1.<\/strong> El arrendatario se obliga a no utilizar ni permitir que se use el veh\u00edculo en el transporte de personas o cosas mediante alquiler, en cualquier carrera de velocidad o competici\u00f3n deportiva p\u00fablica o privada; por cualquier persona que haya dado a Galiciamotorent un nombre ficticio o una edad o direcci\u00f3n que no sean autenticas o contraviniendo las Leyes, Reglamentos u Ordenanzas aplicables; para mover o remolcar veh\u00edculo o remolque; o por cualquier persona que no sea el arrendatario, los familiares del mismo que con \u00e9l conviven, el patrono del arrendatario o un empleado del arrendatario que haga uso del veh\u00edculo durante la prestaci\u00f3n normal de sus servicios al arrendatario. Queda entendido que cualquiera de las personas que acaban de citarse deben haber obtenido previamente la autorizaci\u00f3n de Galiciamotorent y que ninguna persona incluido el arrendatario, podr\u00e1 utilizar o conducir el veh\u00edculo a menos que se encuentre en posesi\u00f3n del correspondiente permiso de circulaci\u00f3n. Las restricciones contenidas en esta clausula se aplican conjuntamente y son efectivas respecto a cualquier uso, utilizaci\u00f3n o conducci\u00f3n del veh\u00edculo. El arrendatario asume completa responsabilidad por cualquier multa, sanci\u00f3n o perjuicio que se derivasen de la infracci\u00f3n de lo dispuesto en esta clausula.<\/p>\n<p><strong>2.<\/strong> El arrendatario asume completa responsabilidad por cualesquiera infracciones de normas de tr\u00e1fico o estacionamiento cometidos durante la vigencia de este contrato.<\/p>\n<p><strong>3.<\/strong> Queda expresamente convenido que Galiciamotorent no asume responsabilidad alguna por p\u00e9rdidas o da\u00f1os en cualesquiera bienes dejados, guardados o que el arrendatario o cualquier otra persona deje, guarde o transporte en el veh\u00edculo sea durante el alquiler o despu\u00e9s de finalizado este. El arrendatario asume el riesgo de tales perdidas o da\u00f1os, exime a Galiciamotorent de toda reclamaci\u00f3n por los mismos y se compromete a mantener a A.Turbo Rent a car, S.L libre e indemne de cualquier reclamaci\u00f3n que se produzca por esa causa.<\/p>\n<p><strong>4.<\/strong> Galiciamotorent no acepta responsabilidad por demora o retrasos que se produzcan como consecuencias de aver\u00eda en el veh\u00edculo o por otras causas. Galiciamotorent se reserva el derecho de sustituir el veh\u00edculo en caso de robo o accidente, siendo necesaria para realizar dicha substituci\u00f3n la justificaci\u00f3n firmada de aceptaci\u00f3n de culpa por la parte contraria.<\/p>\n<p>5. El cliente ser\u00e1 responsable de todos los da\u00f1os que cause al veh\u00edculo arrendado pudiendo ser relevado por las condiciones que figuran en punto 16. Si el cliente extrav\u00eda o deja las llaves del veh\u00edculo en el interior de este se le cobrara 30 \u20ac en concepto de desplazamiento por llevarle las laves dobles u otro servicio.<\/p>\n<p><strong>6.<\/strong> El veh\u00edculo objeto de contrato se halla cubierto por una p\u00f3liza de Segura denominada \u0093Ilimitado\u0094 de Responsabilidad Civil y Criminal contra terceros, puesto que el arrendatario se encuentra asegurado en virtud de dicha p\u00f3liza, se obliga a cumplir todos los t\u00e9rminos y condiciones de la misma. Al objeto de cumplir con lo dispuesto en dicha p\u00f3liza. El arrendatario se compromete a informar inmediatamente de cualquier siniestro a la compa\u00f1\u00eda aseguradora o a Galiciamotorent<\/p>\n<p><strong>7.<\/strong> Para cualquier diferencia que pudiera surgir en relaci\u00f3n con este documento, las partes se someten expresamente a los Jueces y Tribunales de Ibiza, renunciando a cualquier otro fuero que pudiera corresponderles.<\/p>\n<p><strong>8.<\/strong> En los seguros todo riesgo Galiciamotorent ofrece al cliente un seguro de da\u00f1os en el veh\u00edculo alquilado causados por colisi\u00f3n con una franquicia por el importe de la Fianza depositada, siempre que el cliente sea responsable del siniestro. Este seguro no cubre los da\u00f1os causados en las ruedas, partes bajas del veh\u00edculo, perdida de llaves, robo, roturas o desperfectos en el interior del veh\u00edculo y accesorios pertenecientes o entregados con el veh\u00edculo.<br \/>\nEste seguro quedar\u00e1 invalidado, as\u00ed como el contrato y con p\u00e9rdida por parte del arrendatario, de la tarifa, seguro y euros en dep\u00f3sito cuando:<br \/>\no El veh\u00edculo es conducido por persona distinta del arrendatario, no tiene contrato o est\u00e1 fuera de fecha.<br \/>\no El conductor infringe las leyes del C\u00f3digo de Circulaci\u00f3n.<br \/>\no Los da\u00f1os son causados intencionadamente o por un mal uso del veh\u00edculo.<br \/>\no En el veh\u00edculo van montadas m\u00e1s personas de las autorizadas.<br \/>\no El veh\u00edculo es conducido fuera de las v\u00edas pavimentadas.<br \/>\no El conductor conduce bajo los efectos del alcohol y otras substancias estupefacientes.<br \/>\no El arrendatario lo dedica a cualquier actividad como transporte de mercanc\u00edas, al transporte remunerado de pasajeros o cuando implique directa o indirectamente subarriendo del veh\u00edculo.<br \/>\no El quedar el seguro invalidados por los supuestos antes citados, el arrendatario es responsable de los da\u00f1os causados en el veh\u00edculo por robo, accidente, aver\u00eda, vandalismo, extravi\u00f3 o perdida de sus piezas, as\u00ed como los d\u00edas de paralizaciones del veh\u00edculo.<\/p>\n<p><strong>9.<\/strong> DEPOSITO O FIANZA. En el momento de la firma del contrato, el arrendatario abonar\u00e1 a Galiciamotorent adem\u00e1s del importe de la liquidaci\u00f3n del contrato correspondiente, una cantidad en concepto de dep\u00f3sito o fianza cuyo importe ser\u00e1 a criterio de Galiciamotorent hasta la cual el arrendatario soportar\u00e1 cualquier tipo de cargo extra de cualquier naturaleza que se haya generado, pudiendo quedar pendiente de devoluci\u00f3n hasta la resoluci\u00f3n de la incidencia.<br \/>\nEn el caso de que dicha cantidad depositada en la fianza no cubra dichos cargos en su totalidad, el arrendatario deber\u00e1 abonar a Galiciamotorent la diferencia. En caso de no producirse ning\u00fan cargo extra, Galiciamotorent devolver\u00e1 dicho dep\u00f3sito al arrendatario una vez finalizado el contrato.<\/p>\n<p><strong>10.<\/strong>DEVOLUCION DEL VEHICULO. El veh\u00edculo se devolver\u00e1 en el lugar, fecha y hora estipulados en el contrato y en el mismo estado en que se entrego por Galiciamotorent con todos sus documentos, neum\u00e1ticos, llaves, herramientas y accesorios. Si el veh\u00edculo es devuelto antes, el arrendatario no tendr\u00e1 derecho a la devoluci\u00f3n del importe sobre tarifa y seguro del contrato. En caso de que el arrendatario quisiera conservar el veh\u00edculo arrendado por un plazo superior al tiempo pactado en el contrato, deber\u00e1 obtener autorizaci\u00f3n por escrito de Galiciamotorent, a quien deber\u00e1 remitir el importe correspondiente o aceptar el cargo en la tarjeta de cr\u00e9dito con la que haya sido abonado el arrendamiento, en ning\u00fan caso el dep\u00f3sito podr\u00e1 servir para una pr\u00f3rroga del alquiler. Cualquier alteraci\u00f3n en las condiciones de devoluci\u00f3n pactadas podr\u00e1 repercutir en cargos adicionales para el arrendatario.<\/p>\n<p><strong>11.<\/strong>COMBUSTIBLES. Es responsabilidad del arrendatario repostar el veh\u00edculo con el tipo de combustible adecuado, cuyo importe ser\u00e1 siempre a su cargo. Cualquier gasto o reparaci\u00f3n derivado por uso de combustible inadecuado ser\u00e1 a cargo del arrendatario. Si el cliente devuelve el veh\u00edculo con m\u00e1s combustible que a la salida, no se abonar\u00e1 la diferencia por cuestiones administrativas.<\/p>\n<p><strong>12.<\/strong>CARGOS EXTRAS. El arrendatario autoriza a GaliciaMotorent a cargar en su tarjeta de cr\u00e9dito o debito, todos los cargos extras que genere la devoluci\u00f3n del veh\u00edculo, seg\u00fan las clausulas de este contrato de arrendamiento.<\/p>\n<p><strong>13.1.<\/strong>Para reservas con descuentos inferiores al 25%, podr\u00e1 anular o modificar sin ning\u00fan tipo de penalizaci\u00f3n su reserva siempre y cuando avise con 48hrs de antelaci\u00f3n respecto a la fecha de recogida del veh\u00edculo. En caso contrario, se le cobrara el importe correspondiente al primer d\u00eda de alquiler del veh\u00edculo reservado (sin descuentos).<br \/>\n<strong>13.2.<\/strong>Para reservas con descuentos superiores o iguales al 25%, no podr\u00e1 cambiar las fechas del alquiler ni realizar ninguna modificaci\u00f3n o cancelaci\u00f3n en la reserva que implique la devoluci\u00f3n del importe que se abon\u00f3 para confirmarla<\/p>\n<p><strong>14.<\/strong>Los precios mostrados por el motor de la pagina web est\u00e1n calculados a partir de las tarifas publicadas en dicha web, incluyendo los descuentos activos para el d\u00eda en el que se realiza el c\u00e1lculo. Galiciamotorent no se responsabiliza de posibles fallos en el c\u00e1lculo de precios o disponibilidad de los veh\u00edculos por parte de la web. En caso de error, Galiciamotorent. se compromete a anular la reserva y a cancelar el pago realizado en un plazo m\u00e1ximo de 24 horas desde la confirmaci\u00f3n de la reserva.<\/p>\n<p><strong>15. \u00a1ATENCI\u00d3N!<\/strong> Este veh\u00edculo ser\u00e1 retirado inmediatamente si se encuentra ABIERTO (direcci\u00f3n y candado), MAL APARCADO, o con CONTRATO VENCIDO su contrato ser\u00e1 anulado inmediatamente y perder\u00e1 todo el dinero abonado.<br \/>\nROBO.- Dejar el veh\u00edculo SIEMPRE CERRADO. En caso de robo deber\u00e1 pagar el importe del valor del veh\u00edculo y perder\u00e1 todo el dinero abonado. En caso de robo el contrato ser\u00e1 anulado autom\u00e1ticamente.<br \/>\nHORA DE ENTREGA.- Veh\u00edculos no devueltos en la fecha y hora de entrega sufrir\u00e1n un recargo de 10 Euros por hora o fracci\u00f3n para motos.<br \/>\nZONA MARITIMA.- Conducir veh\u00edculos en la zona mar\u00edtima (playa), o fuera de las v\u00edas autorizadas, es ilegal y da\u00f1a seriamente el veh\u00edculo. As\u00ed mismo el arrendatario se obliga a no utilizar ni permitir que el veh\u00edculo salga de la Comunidad de Galicia. Tales circunstancias anulan autom\u00e1ticamente el seguro, y le supone la p\u00e9rdida de todo el dinero abonado a cuenta y la anulaci\u00f3n de su contrato.<br \/>\nFRANQUICIA.- En caso de rotura o robo del veh\u00edculo o de las piezas, el cliente deber\u00e1 pagar hasta 1000,00\u20ac\u0080 para ciclomotores y motos de hasta 350 c.c.; 2000,00 \u20ac quads y motocicletas de m\u00e1s de 350 c.c. Cualquier tipo de seguro quedara invalidado si en el momento de accidente o robo el cliente no tuviese pagado el alquiler correspondiente hasta la fecha.<br \/>\nPAGO CON TARJETA: El titular de la tarjeta con la que se realice cualquier pago o dep\u00f3sito deber\u00e1 estar presente a la firma del contrato de alquiler y acreditar su titularidad.<\/p>\n<p><strong>15. POLITICA DE DATOS<\/strong><br \/>\nRF BUSINESS &amp; TQ RETAIL S.L. informa a usuario de que el tratamiento de los datos de car\u00e1cter personal se realiza de conformidad con los dispuesto en la Ley Org\u00e1nica 15\/1999, de 13 de diciembre de Protecci\u00f3n de datos y con el Real Decreto 1720\/2007, de 21 de diciembre, por el que se aprueba el Reglamento de desarrollo de la Ley Org\u00e1nica 15\/199, de 13 de diciembre, de protecci\u00f3n de datos de car\u00e1cter personal.<\/p>\n<p>\u00abEl usuario podr\u00e1 ejercer sus derechos de acceso, rectificaci\u00f3n, cancelaci\u00f3n y oposici\u00f3n mediante comunicaci\u00f3n escrita, adjuntando fotocopia del DNI o documento identificativo equivalente, ante RF BUSINESS AND TQ RETAIL, S.L. en C\/Vista Alegre 30 &#8211; 4E CP 36201 Vigo (Pontevedra)\u00bb<\/p>\n<p><strong>16.El Operador<\/strong><br \/>\nRF BUSINESS &amp; TQ RETAIL S.L<br \/>\nVista Alegre, 30 4\u00ba E<br \/>\n36201 Vigo, Espa\u00f1a<br \/>\nNIF: B27784727<\/p>\n","protected":false},"excerpt":{"rendered":"<p>Alquiler del veh\u00edculo GaliciaMotorent es un nombre comercial de la mercantil RF BUSINESS &amp; TQ RETAIL S.L. domiciliada en la provincia de Pontevedra, en la&hellip;<\/p>\n<p><a href=\"https:\/\/www.galiciamotorent.com\/coruna\/condiciones-generales-y-terminos-legales\/\" class=\"read-more-link\">Read more<\/a><\/p>\n","protected":false},"author":1,"featured_media":0,"parent":0,"menu_order":0,"comment_status":"closed","ping_status":"closed","template":"","meta":{"footnotes":""},"class_list":["post-307","page","type-page","status-publish","hentry"],"yoast_head":"<!-- This site is optimized with the Yoast SEO plugin v27.4 - https:\/\/yoast.com\/product\/yoast-seo-wordpress\/ -->\n<title>Condiciones generales y t\u00e9rminos legales - Alquiler de motos en La Coru\u00f1a<\/title>\n<meta name=\"robots\" content=\"index, follow, max-snippet:-1, max-image-preview:large, max-video-preview:-1\" \/>\n<link rel=\"canonical\" href=\"https:\/\/www.galiciamotorent.com\/coruna\/condiciones-generales-y-terminos-legales\/\" \/>\n<meta property=\"og:locale\" content=\"es_ES\" \/>\n<meta property=\"og:type\" content=\"article\" \/>\n<meta property=\"og:title\" content=\"Condiciones generales y t\u00e9rminos legales - Alquiler de motos en La Coru\u00f1a\" \/>\n<meta property=\"og:description\" content=\"Alquiler del veh\u00edculo GaliciaMotorent es un nombre comercial de la mercantil RF BUSINESS &amp; TQ RETAIL S.L. domiciliada en la provincia de Pontevedra, en la&hellip;Read more\" \/>\n<meta property=\"og:url\" content=\"https:\/\/www.galiciamotorent.com\/coruna\/condiciones-generales-y-terminos-legales\/\" \/>\n<meta property=\"og:site_name\" content=\"Alquiler de motos en La Coru\u00f1a\" \/>\n<meta property=\"article:modified_time\" content=\"2017-09-25T11:59:21+00:00\" \/>\n<meta name=\"twitter:card\" content=\"summary_large_image\" \/>\n<meta name=\"twitter:label1\" content=\"Tiempo de lectura\" \/>\n\t<meta name=\"twitter:data1\" content=\"9 minutos\" \/>\n<script type=\"application\/ld+json\" class=\"yoast-schema-graph\">{\"@context\":\"https:\\\/\\\/schema.org\",\"@graph\":[{\"@type\":\"WebPage\",\"@id\":\"https:\\\/\\\/www.galiciamotorent.com\\\/coruna\\\/condiciones-generales-y-terminos-legales\\\/\",\"url\":\"https:\\\/\\\/www.galiciamotorent.com\\\/coruna\\\/condiciones-generales-y-terminos-legales\\\/\",\"name\":\"Condiciones generales y t\u00e9rminos legales - Alquiler de motos en La Coru\u00f1a\",\"isPartOf\":{\"@id\":\"https:\\\/\\\/www.galiciamotorent.com\\\/coruna\\\/#website\"},\"datePublished\":\"2017-09-25T11:56:00+00:00\",\"dateModified\":\"2017-09-25T11:59:21+00:00\",\"breadcrumb\":{\"@id\":\"https:\\\/\\\/www.galiciamotorent.com\\\/coruna\\\/condiciones-generales-y-terminos-legales\\\/#breadcrumb\"},\"inLanguage\":\"es\",\"potentialAction\":[{\"@type\":\"ReadAction\",\"target\":[\"https:\\\/\\\/www.galiciamotorent.com\\\/coruna\\\/condiciones-generales-y-terminos-legales\\\/\"]}]},{\"@type\":\"BreadcrumbList\",\"@id\":\"https:\\\/\\\/www.galiciamotorent.com\\\/coruna\\\/condiciones-generales-y-terminos-legales\\\/#breadcrumb\",\"itemListElement\":[{\"@type\":\"ListItem\",\"position\":1,\"name\":\"Portada\",\"item\":\"https:\\\/\\\/www.galiciamotorent.com\\\/coruna\\\/\"},{\"@type\":\"ListItem\",\"position\":2,\"name\":\"Condiciones generales y t\u00e9rminos legales\"}]},{\"@type\":\"WebSite\",\"@id\":\"https:\\\/\\\/www.galiciamotorent.com\\\/coruna\\\/#website\",\"url\":\"https:\\\/\\\/www.galiciamotorent.com\\\/coruna\\\/\",\"name\":\"Alquiler de motos en La Coru\u00f1a\",\"description\":\"Alquiler de motos y scooters en Vigo\",\"potentialAction\":[{\"@type\":\"SearchAction\",\"target\":{\"@type\":\"EntryPoint\",\"urlTemplate\":\"https:\\\/\\\/www.galiciamotorent.com\\\/coruna\\\/?s={search_term_string}\"},\"query-input\":{\"@type\":\"PropertyValueSpecification\",\"valueRequired\":true,\"valueName\":\"search_term_string\"}}],\"inLanguage\":\"es\"}]}<\/script>\n<!-- \/ Yoast SEO plugin. -->","yoast_head_json":{"title":"Condiciones generales y t\u00e9rminos legales - Alquiler de motos en La Coru\u00f1a","robots":{"index":"index","follow":"follow","max-snippet":"max-snippet:-1","max-image-preview":"max-image-preview:large","max-video-preview":"max-video-preview:-1"},"canonical":"https:\/\/www.galiciamotorent.com\/coruna\/condiciones-generales-y-terminos-legales\/","og_locale":"es_ES","og_type":"article","og_title":"Condiciones generales y t\u00e9rminos legales - Alquiler de motos en La Coru\u00f1a","og_description":"Alquiler del veh\u00edculo GaliciaMotorent es un nombre comercial de la mercantil RF BUSINESS &amp; TQ RETAIL S.L. domiciliada en la provincia de Pontevedra, en la&hellip;Read more","og_url":"https:\/\/www.galiciamotorent.com\/coruna\/condiciones-generales-y-terminos-legales\/","og_site_name":"Alquiler de motos en La Coru\u00f1a","article_modified_time":"2017-09-25T11:59:21+00:00","twitter_card":"summary_large_image","twitter_misc":{"Tiempo de lectura":"9 minutos"},"schema":{"@context":"https:\/\/schema.org","@graph":[{"@type":"WebPage","@id":"https:\/\/www.galiciamotorent.com\/coruna\/condiciones-generales-y-terminos-legales\/","url":"https:\/\/www.galiciamotorent.com\/coruna\/condiciones-generales-y-terminos-legales\/","name":"Condiciones generales y t\u00e9rminos legales - Alquiler de motos en La Coru\u00f1a","isPartOf":{"@id":"https:\/\/www.galiciamotorent.com\/coruna\/#website"},"datePublished":"2017-09-25T11:56:00+00:00","dateModified":"2017-09-25T11:59:21+00:00","breadcrumb":{"@id":"https:\/\/www.galiciamotorent.com\/coruna\/condiciones-generales-y-terminos-legales\/#breadcrumb"},"inLanguage":"es","potentialAction":[{"@type":"ReadAction","target":["https:\/\/www.galiciamotorent.com\/coruna\/condiciones-generales-y-terminos-legales\/"]}]},{"@type":"BreadcrumbList","@id":"https:\/\/www.galiciamotorent.com\/coruna\/condiciones-generales-y-terminos-legales\/#breadcrumb","itemListElement":[{"@type":"ListItem","position":1,"name":"Portada","item":"https:\/\/www.galiciamotorent.com\/coruna\/"},{"@type":"ListItem","position":2,"name":"Condiciones generales y t\u00e9rminos legales"}]},{"@type":"WebSite","@id":"https:\/\/www.galiciamotorent.com\/coruna\/#website","url":"https:\/\/www.galiciamotorent.com\/coruna\/","name":"Alquiler de motos en La Coru\u00f1a","description":"Alquiler de motos y scooters en Vigo","potentialAction":[{"@type":"SearchAction","target":{"@type":"EntryPoint","urlTemplate":"https:\/\/www.galiciamotorent.com\/coruna\/?s={search_term_string}"},"query-input":{"@type":"PropertyValueSpecification","valueRequired":true,"valueName":"search_term_string"}}],"inLanguage":"es"}]}},"_links":{"self":[{"href":"https:\/\/www.galiciamotorent.com\/coruna\/wp-json\/wp\/v2\/pages\/307","targetHints":{"allow":["GET"]}}],"collection":[{"href":"https:\/\/www.galiciamotorent.com\/coruna\/wp-json\/wp\/v2\/pages"}],"about":[{"href":"https:\/\/www.galiciamotorent.com\/coruna\/wp-json\/wp\/v2\/types\/page"}],"author":[{"embeddable":true,"href":"https:\/\/www.galiciamotorent.com\/coruna\/wp-json\/wp\/v2\/users\/1"}],"replies":[{"embeddable":true,"href":"https:\/\/www.galiciamotorent.com\/coruna\/wp-json\/wp\/v2\/comments?post=307"}],"version-history":[{"count":3,"href":"https:\/\/www.galiciamotorent.com\/coruna\/wp-json\/wp\/v2\/pages\/307\/revisions"}],"predecessor-version":[{"id":310,"href":"https:\/\/www.galiciamotorent.com\/coruna\/wp-json\/wp\/v2\/pages\/307\/revisions\/310"}],"wp:attachment":[{"href":"https:\/\/www.galiciamotorent.com\/coruna\/wp-json\/wp\/v2\/media?parent=307"}],"curies":[{"name":"wp","href":"https:\/\/api.w.org\/{rel}","templated":true}]}}